{"id":62,"date":"2020-12-25T15:13:51","date_gmt":"2020-12-25T14:13:51","guid":{"rendered":"http:\/\/bernardcornu.fr\/lsdbc\/?page_id=62"},"modified":"2022-03-14T21:02:33","modified_gmt":"2022-03-14T20:02:33","slug":"ma-pratique-photographique","status":"publish","type":"page","link":"https:\/\/bernardcornu.fr\/lsdbc\/","title":{"rendered":"Bienvenue"},"content":{"rendered":"\n<div class=\"wp-block-columns\">\n<div class=\"wp-block-column\">\n<div class=\"wp-block-columns\">\n<div class=\"wp-block-column\">\n<p class=\"has-drop-cap has-medium-font-size\">Ma pratique photographique se situe essentiellement dans le domaine du reportage et du paysage et donc dans la photo de voyage. <\/p>\n\n\n\n<blockquote class=\"wp-block-quote is-style-large\"><p>Du fait de mon approche humaniste, des \u00e9motions que peuvent susciter mes photographies, ainsi que du traitement argentique dont elles font l&#8217;objet, mes travaux se situent dans le domaine de la photographie d&#8217;art, tout en ne reniant pas le c\u00f4t\u00e9 documentaire de certains travaux.<\/p><\/blockquote>\n\n\n\n<p class=\"has-medium-font-size\">Ces travaux m\u00ealent recherche personnelle sur l&#8217;espace et l&#8217;intemporalit\u00e9 au travers des paysages de Castille, ainsi que des paysages maritimes de Bretagne, de l&#8217;\u00cele de R\u00e9, des Flandres, et du Portugal. J&#8217;ai travaill\u00e9 \u00e9galement sur des reportages tr\u00e8s divers, \u00e0 dominante sociale sur les femmes battues, les femmes enceintes en difficult\u00e9, ainsi que les hommes sortant d&#8217;incarc\u00e9ration; sur le monde de la p\u00eache avec diff\u00e9rents reportages sur les mytiliculteurs, la p\u00eache \u00e0 pied en Bretagne, la p\u00eache \u00e0 cheval en Belgique; sur les traditions de ma r\u00e9gion comme les chevaux de trait breton, ou encore la tuerie du cochon.<\/p>\n<\/div>\n\n\n\n<div class=\"wp-block-column\">\n<figure class=\"wp-block-image size-large is-resized\"><img src=\"http:\/\/bernardcornu.fr\/lsdbc\/wp-content\/uploads\/2021\/01\/006_XX-1024x679.jpg\" alt=\"\" class=\"wp-image-357\" width=\"600\" srcset=\"https:\/\/bernardcornu.fr\/lsdbc\/wp-content\/uploads\/2021\/01\/006_XX-1024x679.jpg 1024w, https:\/\/bernardcornu.fr\/lsdbc\/wp-content\/uploads\/2021\/01\/006_XX-300x199.jpg 300w, https:\/\/bernardcornu.fr\/lsdbc\/wp-content\/uploads\/2021\/01\/006_XX-768x509.jpg 768w, https:\/\/bernardcornu.fr\/lsdbc\/wp-content\/uploads\/2021\/01\/006_XX.jpg 1181w\" sizes=\"(max-width: 1024px) 100vw, 1024px\" \/><\/figure>\n\n\n\n<figure class=\"wp-block-image size-full is-resized\"><img loading=\"lazy\" src=\"https:\/\/bernardcornu.fr\/lsdbc\/wp-content\/uploads\/2020\/12\/Belgique-12.jpg\" alt=\"\" class=\"wp-image-61\" width=\"600\" height=\"352\"\/><\/figure>\n\n\n\n<p><\/p>\n<\/div>\n<\/div>\n<\/div>\n<\/div>\n\n\n\n<div class=\"wp-block-columns\">\n<div class=\"wp-block-column\">\n<figure class=\"wp-block-image size-large is-resized\"><img src=\"http:\/\/bernardcornu.fr\/lsdbc\/wp-content\/uploads\/2020\/12\/image_10014.jpg\" alt=\"\" class=\"wp-image-60\" width=\"600\" srcset=\"https:\/\/bernardcornu.fr\/lsdbc\/wp-content\/uploads\/2020\/12\/image_10014.jpg 400w, https:\/\/bernardcornu.fr\/lsdbc\/wp-content\/uploads\/2020\/12\/image_10014-300x202.jpg 300w\" sizes=\"(max-width: 400px) 100vw, 400px\" \/><\/figure>\n\n\n\n<figure class=\"wp-block-image size-large is-resized\"><img src=\"http:\/\/bernardcornu.fr\/lsdbc\/wp-content\/uploads\/2020\/12\/shapeimage_3.png\" alt=\"\" class=\"wp-image-58\" width=\"600\" srcset=\"https:\/\/bernardcornu.fr\/lsdbc\/wp-content\/uploads\/2020\/12\/shapeimage_3.png 381w, https:\/\/bernardcornu.fr\/lsdbc\/wp-content\/uploads\/2020\/12\/shapeimage_3-300x211.png 300w\" sizes=\"(max-width: 381px) 100vw, 381px\" \/><\/figure>\n<\/div>\n\n\n\n<div class=\"wp-block-column\">\n<p class=\"has-medium-font-size\">J&#8217;ai \u00e9galement r\u00e9alis\u00e9 des sujets d&#8217;actualit\u00e9 comme la Mar\u00e9e Noire en Bretagne, la derni\u00e8re ann\u00e9e de mandature d&#8217;Edmond Herv\u00e9 maire de Rennes, et la campagne r\u00e9cente de la maire actuelle de Rennes: Nathalie App\u00e9r\u00e9.<\/p>\n\n\n\n<p class=\"has-medium-font-size\">Les galeries de photos sont repr\u00e9sentatives de ces diff\u00e9rents travaux et seront renouvel\u00e9es et compl\u00e9t\u00e9es r\u00e9guli\u00e8rement.<\/p>\n<\/div>\n<\/div>\n\n\n\n<div class=\"wp-block-group\"><div class=\"wp-block-group__inner-container\"><\/div><\/div>\n\n\n\n<div class=\"wp-block-columns\">\n<div class=\"wp-block-column\"><\/div>\n\n\n\n<div class=\"wp-block-column\"><\/div>\n<\/div>\n","protected":false},"excerpt":{"rendered":"<p>J&#8217;ai \u00e9galement r\u00e9alis\u00e9 des sujets d&#8217;actualit\u00e9 comme la Mar\u00e9e Noire en Bretagne, la derni\u00e8re ann\u00e9e de mandature d&#8217;Edmond Herv\u00e9 maire de Rennes, et la campagne r\u00e9cente de la maire actuelle de Rennes: Nathalie App\u00e9r\u00e9. Les galeries de photos sont repr\u00e9sentatives de ces<\/p>\n<p class=\"link-more\"><a class=\"myButt three\" href=\"https:\/\/bernardcornu.fr\/lsdbc\/\">Read More<\/a><\/p>\n","protected":false},"author":1,"featured_media":0,"parent":0,"menu_order":0,"comment_status":"closed","ping_status":"closed","template":"","meta":{"ngg_post_thumbnail":0},"_links":{"self":[{"href":"https:\/\/bernardcornu.fr\/lsdbc\/index.php\/wp-json\/wp\/v2\/pages\/62"}],"collection":[{"href":"https:\/\/bernardcornu.fr\/lsdbc\/index.php\/wp-json\/wp\/v2\/pages"}],"about":[{"href":"https:\/\/bernardcornu.fr\/lsdbc\/index.php\/wp-json\/wp\/v2\/types\/page"}],"author":[{"embeddable":true,"href":"https:\/\/bernardcornu.fr\/lsdbc\/index.php\/wp-json\/wp\/v2\/users\/1"}],"replies":[{"embeddable":true,"href":"https:\/\/bernardcornu.fr\/lsdbc\/index.php\/wp-json\/wp\/v2\/comments?post=62"}],"version-history":[{"count":25,"href":"https:\/\/bernardcornu.fr\/lsdbc\/index.php\/wp-json\/wp\/v2\/pages\/62\/revisions"}],"predecessor-version":[{"id":1846,"href":"https:\/\/bernardcornu.fr\/lsdbc\/index.php\/wp-json\/wp\/v2\/pages\/62\/revisions\/1846"}],"wp:attachment":[{"href":"https:\/\/bernardcornu.fr\/lsdbc\/index.php\/wp-json\/wp\/v2\/media?parent=62"}],"curies":[{"name":"wp","href":"https:\/\/api.w.org\/{rel}","templated":true}]}}