{"id":448,"date":"2021-01-02T14:36:08","date_gmt":"2021-01-02T13:36:08","guid":{"rendered":"http:\/\/bernardcornu.fr\/lsdbc\/?page_id=448"},"modified":"2025-04-14T21:12:15","modified_gmt":"2025-04-14T19:12:15","slug":"galerie-photos","status":"publish","type":"page","link":"https:\/\/bernardcornu.fr\/lsdbc\/index.php\/galerie-photos\/","title":{"rendered":"Galeries Photos"},"content":{"rendered":"\n<div class=\"wp-block-columns\">\n<div class=\"wp-block-column\">\n<p class=\"has-text-align-center has-medium-font-size\"><a href=\"https:\/\/bernardcornu.fr\/lsdbc\/index.php\/le-portugal-et-la-mer\/\">Le Portugal et la mer<\/a><\/p>\n\n\n\n<p class=\"has-text-align-center has-medium-font-size\"><a href=\"https:\/\/bernardcornu.fr\/lsdbc\/index.php\/le-portugal-et-la-campagne\/\">Le Portugal et la campagne<\/a><\/p>\n\n\n\n<p class=\"has-text-align-center has-medium-font-size\"><a href=\"https:\/\/bernardcornu.fr\/lsdbc\/index.php\/lisboa\/\">Lisboa<\/a><\/p>\n\n\n\n<p class=\"has-text-align-center has-medium-font-size\"><a href=\"http:\/\/bernardcornu.fr\/lsdbc\/index.php\/lisboa-autres-photos-recentes\/\">Lisboa (autres images r\u00e9centes)<\/a><\/p>\n\n\n\n<p class=\"has-text-align-center has-medium-font-size\"><a href=\"http:\/\/bernardcornu.fr\/lsdbc\/index.php\/madere\/\">Mad\u00e8re<\/a><\/p>\n\n\n\n<p class=\"has-text-align-center has-medium-font-size\"><a href=\"http:\/\/bernardcornu.fr\/lsdbc\/index.php\/la-castille\/\">La Castille<\/a><\/p>\n\n\n\n<p class=\"has-text-align-center has-medium-font-size\"><a href=\"http:\/\/bernardcornu.fr\/lsdbc\/index.php\/lile-de-re\/\">L&#8217;Ile de R\u00e9<\/a><\/p>\n\n\n\n<p class=\"has-text-align-center has-medium-font-size\"><a href=\"http:\/\/bernardcornu.fr\/lsdbc\/index.php\/la-bretagne-audierne-2\/\" data-type=\"URL\" data-id=\"http:\/\/bernardcornu.fr\/lsdbc\/index.php\/la-bretagne-audierne-2\/\">La Bretagne<\/a><\/p>\n\n\n\n<p class=\"has-text-align-center has-medium-font-size\"><a href=\"http:\/\/bernardcornu.fr\/lsdbc\/index.php\/femmes-et-hommes-en-difficulte-sociale\/\">Femmes et hommes en difficult\u00e9 sociale<\/a><\/p>\n\n\n\n<p class=\"has-text-align-center has-medium-font-size\"><a href=\"http:\/\/bernardcornu.fr\/lsdbc\/index.php\/le-cheval-breton\/\" data-type=\"URL\" data-id=\"http:\/\/bernardcornu.fr\/lsdbc\/index.php\/le-cheval-breton\/\">Le cheval breton<\/a><\/p>\n\n\n\n<p class=\"has-text-align-center has-medium-font-size\"><a href=\"http:\/\/bernardcornu.fr\/lsdbc\/index.php\/la-peche-a-la-coquille\/\">La p\u00eache \u00e0 la coquille<\/a><\/p>\n<\/div>\n\n\n\n<div class=\"wp-block-column\">\n<p class=\"has-text-align-center has-medium-font-size\"><a href=\"http:\/\/bernardcornu.fr\/lsdbc\/index.php\/football-cote-cour\/\">Football c\u00f4t\u00e9 cour<\/a><\/p>\n\n\n\n<p class=\"has-text-align-center has-medium-font-size\"><a href=\"http:\/\/bernardcornu.fr\/lsdbc\/index.php\/les-hommes-de-la-baie\/\">Les hommes de la baie (la mytiliculture)<\/a><\/p>\n\n\n\n<p class=\"has-text-align-center has-medium-font-size\"><a href=\"http:\/\/bernardcornu.fr\/lsdbc\/index.php\/la-peche-a-pied-en-bretagne\/\">La p\u00eache \u00e0 pied en Bretagne<\/a><\/p>\n\n\n\n<p class=\"has-text-align-center has-medium-font-size\"><a href=\"http:\/\/bernardcornu.fr\/lsdbc\/index.php\/la-peche-a-cheval-en-belgique\/\">La p\u00eache \u00e0 cheval en Belgique<\/a><\/p>\n\n\n\n<p class=\"has-text-align-center has-medium-font-size\"><a href=\"http:\/\/bernardcornu.fr\/lsdbc\/index.php\/la-peche-traditionnelle-au-portugal\/\">La p\u00eache traditionnelle au Portugal<\/a><\/p>\n\n\n\n<p class=\"has-text-align-center has-medium-font-size\"><a href=\"http:\/\/bernardcornu.fr\/lsdbc\/index.php\/la-maree-noire-du-tanio\/\">La mar\u00e9e noire du Tanio<\/a><\/p>\n\n\n\n<p class=\"has-text-align-center has-medium-font-size\"><a href=\"http:\/\/bernardcornu.fr\/lsdbc\/index.php\/les-cliniques-des-oiseaux-mazoutes-lerika\/\">Les cliniques des oiseaux mazout\u00e9s (l&#8217;Erika)<\/a><\/p>\n\n\n\n<p class=\"has-text-align-center has-medium-font-size\"><a href=\"http:\/\/bernardcornu.fr\/lsdbc\/index.php\/edmond-herve\/\">Edmond Herv\u00e9<\/a><\/p>\n\n\n\n<p class=\"has-text-align-center has-medium-font-size\"><a href=\"http:\/\/bernardcornu.fr\/lsdbc\/index.php\/la-campagne-de-nathalie-appere\/\">La campagne de Nathalie App\u00e9r\u00e9<\/a><\/p>\n\n\n\n<p class=\"has-text-align-center has-medium-font-size\"><a href=\"http:\/\/bernardcornu.fr\/lsdbc\/index.php\/la-tuerie-du-cochon\/\">La tuerie du cochon<\/a><\/p>\n<\/div>\n<\/div>\n\n\n\n<p><\/p>\n","protected":false},"excerpt":{"rendered":"<p>Le Portugal et la mer Le Portugal et la campagne Lisboa Lisboa (autres images r\u00e9centes) Mad\u00e8re La Castille L&#8217;Ile de R\u00e9 La Bretagne Femmes et hommes en difficult\u00e9 sociale Le cheval breton La p\u00eache \u00e0 la coquille Football c\u00f4t\u00e9 cour Les hommes<\/p>\n<p class=\"link-more\"><a class=\"myButt three\" href=\"https:\/\/bernardcornu.fr\/lsdbc\/index.php\/galerie-photos\/\">Read More<\/a><\/p>\n","protected":false},"author":1,"featured_media":1455,"parent":0,"menu_order":0,"comment_status":"closed","ping_status":"closed","template":"","meta":{"ngg_post_thumbnail":0},"_links":{"self":[{"href":"https:\/\/bernardcornu.fr\/lsdbc\/index.php\/wp-json\/wp\/v2\/pages\/448"}],"collection":[{"href":"https:\/\/bernardcornu.fr\/lsdbc\/index.php\/wp-json\/wp\/v2\/pages"}],"about":[{"href":"https:\/\/bernardcornu.fr\/lsdbc\/index.php\/wp-json\/wp\/v2\/types\/page"}],"author":[{"embeddable":true,"href":"https:\/\/bernardcornu.fr\/lsdbc\/index.php\/wp-json\/wp\/v2\/users\/1"}],"replies":[{"embeddable":true,"href":"https:\/\/bernardcornu.fr\/lsdbc\/index.php\/wp-json\/wp\/v2\/comments?post=448"}],"version-history":[{"count":10,"href":"https:\/\/bernardcornu.fr\/lsdbc\/index.php\/wp-json\/wp\/v2\/pages\/448\/revisions"}],"predecessor-version":[{"id":2204,"href":"https:\/\/bernardcornu.fr\/lsdbc\/index.php\/wp-json\/wp\/v2\/pages\/448\/revisions\/2204"}],"wp:featuredmedia":[{"embeddable":true,"href":"https:\/\/bernardcornu.fr\/lsdbc\/index.php\/wp-json\/wp\/v2\/media\/1455"}],"wp:attachment":[{"href":"https:\/\/bernardcornu.fr\/lsdbc\/index.php\/wp-json\/wp\/v2\/media?parent=448"}],"curies":[{"name":"wp","href":"https:\/\/api.w.org\/{rel}","templated":true}]}}