{"id":36,"date":"2020-12-24T14:04:03","date_gmt":"2020-12-24T13:04:03","guid":{"rendered":"http:\/\/bernardcornu.fr\/lsdbc\/?page_id=36"},"modified":"2026-02-03T16:07:16","modified_gmt":"2026-02-03T15:07:16","slug":"le-photographe","status":"publish","type":"page","link":"https:\/\/bernardcornu.fr\/lsdbc\/index.php\/le-photographe\/","title":{"rendered":"Le photographe"},"content":{"rendered":"\n<div class=\"wp-block-image\"><figure class=\"alignleft size-large\"><img loading=\"lazy\" width=\"446\" height=\"335\" src=\"https:\/\/bernardcornu.fr\/lsdbc\/wp-content\/uploads\/2020\/12\/IMG_0732.jpg\" alt=\"\" class=\"wp-image-37\" srcset=\"https:\/\/bernardcornu.fr\/lsdbc\/wp-content\/uploads\/2020\/12\/IMG_0732.jpg 446w, https:\/\/bernardcornu.fr\/lsdbc\/wp-content\/uploads\/2020\/12\/IMG_0732-300x225.jpg 300w\" sizes=\"(max-width: 446px) 100vw, 446px\" \/><\/figure><\/div>\n\n\n\n<p class=\"has-drop-cap has-medium-font-size\">N\u00e9 en 1951, je vis \u00e0 Rennes. Reportage et paysage sont les deux axes principaux de mon activit\u00e9 photographique. Je pratique la photographie argentique en noir et blanc et suivant les demandes ou commandes je fais num\u00e9riser mes travaux dans un laboratoire. Des photographes comme Henri Cartier Bresson, Raymond Depardon, Edouard Boubat, Sabine Weiss, Bernard Plossu, mais aussi Harry Callahan, Paul Strand, Edward Weston, Ansel Adams, Michael Kenna, Sebastiao Salgado, Patti Sammallahti ont influenc\u00e9 ma pratique et ma conception de la photographie. Je poss\u00e8de d&#8217;ailleurs une biblioth\u00e8que de livres photographiques tr\u00e8s fournie (autour de 400 livres) que je consulte r\u00e9guli\u00e8rement et qui enrichissent mon regard.<\/p>\n\n\n\n<p class=\"has-medium-font-size\">La photographie que je pratique essaie de faire la part belle aux lumi\u00e8res, \u00e0 l&#8217;\u00e9motion, aux situations insolites, \u00e0 l&#8217;instant, tout en recherchant une notion d&#8217;intemporalit\u00e9.<\/p>\n\n\n\n<p class=\"has-medium-font-size\">En 1980, touch\u00e9 au plus profond de mon \u00eatre par la ni\u00e8me mar\u00e9e noire en Bretagne (celle du Tanio), je pars \u00e0 Ploumanach&#8217; pour t\u00e9moigner du d\u00e9sastre commis sur cette c\u00f4te de l\u00e9gende. Tr\u00e8s rapidement ensuite, je prends contact avec le Mus\u00e9e de Bretagne et son conservateur \u00e0 cette \u00e9poque : Jean Yves Veillard. Ce dernier pr\u00e9sentera pendant tout l&#8217;\u00e9t\u00e9 au Mus\u00e9e et par la suite en Bretagne mes travaux associ\u00e9s au travail photographique de Jean Guisnel, journaliste \u00e0 l&#8217;\u00e9poque \u00e0 Lib\u00e9ration et auteur d&#8217;un reportage sur&#8221;Plogoff, la r\u00e9volte en Cap Sizun&#8221; contre l&#8217;installation d&#8217;une centrale nucl\u00e9aire. Ce moment va \u00eatre d\u00e9terminant dans mon parcours de photographe car je prends alors conscience de la force et de l&#8217;int\u00e9r\u00eat du t\u00e9moignage par la photographie. Un autre moment, diff\u00e9rent, sera \u00e9galement d\u00e9terminant : ce fut la d\u00e9couverte de l&#8217;exposition pr\u00e9sent\u00e9e \u00e0 la galerie de la Maison Internationale de Rennes en F\u00e9vrier 82 et pr\u00e9sentant les travaux de 11 photographes de Santa F\u00e9 dont Walter Chappel, Paul Caponigro, Bernard Plossu, Alex Harris, Laura Gilpin, William Clift, Beaumont Newhall&#8230;.Une r\u00e9v\u00e9lation et une grande d\u00e9termination de poursuivre et d&#8217;approfondir mon travail.<\/p>\n\n\n\n<p class=\"has-medium-font-size\">En 1983, je participe \u00e0 la cr\u00e9ation de la Galerie Diaph \u00e0 Saint Jacques de la Lande (commune situ\u00e9e pr\u00e8s de Rennes) et je l&#8217;anime jusqu&#8217;en 1988. Parral\u00e8lement je fais tout un travail sur les chevaux de trait breton qui d\u00e9bouche en 1989 sur la publication de mon premier ouvrage avec Yvon Kervinio : &#8220;Des chevaux de Bretagne&#8221; (Ed l&#8217;Aventure Carto). En 1990, je r\u00e9ponds \u00e0 une commande photographique sur l&#8217;action sociale \u00e0 Rennes qui d\u00e9bouche en 1992 sur la parution du livre &#8220;Latences&#8221;(Ed ENSP). En 1991, en collaboration avec des photographes et des \u00e9crivains de l&#8217;Arc Atlantique je participe au projet d&#8217;Asphod\u00e8le. Un ouvrage collectif &#8220;Un texte, une image&#8221;(Ed Asphod\u00e8le&#8221;) est publi\u00e9 en 1991. En 1993, en association avec mon ami photographe Yvon Kervinio, nous publions un livre de portraits d&#8217;enfants accompagn\u00e9s des po\u00e8mes d&#8217;H\u00e9l\u00e8ne de Miras :&#8221;B\u00e2lya&#8221;(Ed l&#8217;Aventure Carto). Au tout d\u00e9but de l&#8217;ann\u00e9e 95 j&#8217;entreprends un travail sur le quotidien et l&#8217;univers des joueurs professionnels de football du Stade Rennais, travail que je poursuis jusqu&#8217;\u00e0 l&#8217;automne 97. En Octobre 97, avec le journaliste Philippe Delacotte, nous publions &#8220;Football c\u00f4t\u00e9 cour&#8221;(Ed Apog\u00e9e).<\/p>\n\n\n\n<p class=\"has-medium-font-size\">Parall\u00e8lement et r\u00e9guli\u00e8rement depuis 1988 et jusqu&#8217;\u00e0 ce jour&nbsp; j&#8217;entreprends et poursuis un travail photographique au Portugal et sur les paysages de la Vieille Castille. S\u00e9duit par les lumi\u00e8res du Nord, je commence \u00e9galement un travail assidu en Flandres et notamment sur les derniers p\u00eacheurs de crevettes \u00e0 cheval. En 1999, apr\u00e8s d\u00e9j\u00e0 11ans de prises de vues au Portugal je publie un petit recueil avec le Centro Cultural Raiano : &#8220;Do Homem Portug\u00fbes&#8221;, et je participe \u00e0 l&#8217;\u00e9dition du livre collectif &#8220;La Bretagne&#8221; publi\u00e9 par l&#8217;Imagerie de Lannion (Ed Filigrannes). En 2000, j&#8217;entreprends un reportage sur les cliniques des oiseaux mazout\u00e9s par l&#8217;Erika ; avec l&#8217;\u00e9crivain Jean Pierre Abraham nous publions &#8220;l&#8217;Oisellerie Noire&#8221; (Ed Dana) en 2002. Parall\u00e8lement je commence un travail sur l&#8217;\u00eele de Mad\u00e8re. 2001 me voit d\u00e9buter un travail sur l&#8217;univers du monde du rugby. A l&#8217;occasion de la r\u00e9trospective de mon travail sur le Portugal en 2002, le Centro Cultural Raiano publie un livre-catalogue : &#8220;Bernard Cornu&#8221; . De 2003 \u00e0 2006, je continue mon travail au Portugal et je pr\u00e9pare un travail sur la p\u00eache \u00e0 pied en Bretagne. C&#8217;est durant cette p\u00e9riode que je rencontre l&#8217;\u00e9crivain portugais Nuno J\u00f9dice qui \u00e9tait directeur de l&#8217;Institut Cam\u00f5es \u00e0 Paris.<\/p>\n\n\n\n<p class=\"has-medium-font-size\">En 2007, j&#8217;entreprends un travail photographique sur la derni\u00e8re ann\u00e9e de mandature du d\u00e9put\u00e9-maire de Rennes Monsieur Edmond Herv\u00e9, travail qui d\u00e9bouche en 2008 sur la publication du livre : &#8220;Dans le sillon d&#8217;Edmond Herv\u00e9&#8221; fait en collaboration avec le journaliste Philippe Delacotte (Ed Astoure). Cette m\u00eame ann\u00e9e, suite \u00e0 l&#8217;exposition sur &#8220;Les p\u00eaches traditionnelles en Europe&#8221; je publie \u00e0 compte d&#8217;auteur &#8221; P\u00eaches traditionnelles en Europe&#8221;. En 2010, en collaboration avec le journaliste Philippe Delacotte, je commence un travail sur les mytiliculteurs de la Baie du Mont Saint-Michel qui d\u00e9bouche en 2011 sur la publication du livre &#8220;Les hommes de la baie&#8221; (Ed Ouest&amp;Cie). Cette m\u00eame ann\u00e9e 2011, je reprends un travail photographique sur les chevaux de traits bretons que je poursuis en 2012 et qui d\u00e9bouche en 2013 sur la publication du livre &#8220;Le cheval breton dans tous ses \u00e9tats&#8221; (Ed Grand West Pascal Galod\u00e9). 2013 voit \u00e9galement la sortie du livre bilingue fait en collaboration avec l&#8217;\u00e9crivain Nuno J\u00f9dice : &#8220;Portugal un voyage dans le temps&#8221;, un livre charni\u00e8re dans sa conception car il associe l&#8217;\u00e9criture et la photographie dans un duo o\u00f9 chacun des deux protagonistes vient renforcer le discours de l&#8217;autre ou se poser en contre-point.<\/p>\n\n\n\n<p class=\"has-medium-font-size\">De 2014 \u00e0 2018, j&#8217;expose r\u00e9guli\u00e8rement \u00e0 Rennes, Paris, Jarny, mon travail sur le Portugal &nbsp;et me rends \u00e0 Lisbonne pour pr\u00e9senter le livre &#8220;Portugal, un voyage dans le temps&#8221; et animer des conf\u00e9rences dans diff\u00e9rents lieux.<\/p>\n\n\n\n<p class=\"has-medium-font-size\">En 2019, j&#8217;entreprends un nouveau voyage \u00e0 Mad\u00e8re&nbsp;pour compl\u00e9ter le travail commenc\u00e9 en 2000 sur cette \u00eele. 2019 voit \u00e9galement la sortie du livre bilingue fait en collaboration avec l&#8217;\u00e9crivain Nuno J\u00f9dice &#8220;Lisbonne, l&#8217;appel du large&#8221; (Editions Un Autre Reg&#8217;art) qui regroupe 23 ann\u00e9es de photographies et de regards sur cette ville.<\/p>\n\n\n\n<p class=\"has-medium-font-size\"> En 2020 et 2021, je travaille sur mes archives sur la Bretagne et en collaboration avec l&#8217;\u00e9crivain Jean Azarel nous publions en&nbsp;Juin 2022 le livre : &#8220;Bretagne, des baies ouvertes sur le monde&#8221; aux Editions &#8220;Un Autre Reg&#8217;Art&#8221;. Parall\u00e8lement, je travaille sur mes archives de 35ans de photographies sur l&#8217;\u00eele de R\u00e9 et, en collaboration avec l&#8217;\u00e9crivain-conf\u00e9rencier Daniel Bernard, para\u00eet en Juin 2022 aux Editions Sud-Ouest &#8220;R\u00e9, une \u00eele bien plus loin que le vent&#8221;.<\/p>\n\n\n\n<p class=\"has-medium-font-size\">En 2023 je me consacre \u00e0 mon travail sur le Portugal (Portugal, Lisbonne, Mad\u00e8re) et sur la Castille afin de faire une donation de tirages photographiques \u00e0 la ville d&#8217;Idanha a Nova en 2024.<\/p>\n\n\n\n<p class=\"has-medium-font-size\">En D\u00e9cembre 2023, je fais une donation gratuite de 580 tirages argentiques \u00e0 la ville d&#8217;Idanha a Nova ( Portugal, Lisbonne, Mad\u00e8re, et les paysages de la Vieille Castille ). Le 26 Juillet 2024 la ville d&#8217;Idanha a Nova et le Centro Cultural Raiano organisent une r\u00e9trospective de mon travail photographique sur le Portugal dans le cadre de cette donation.<\/p>\n","protected":false},"excerpt":{"rendered":"<p>N\u00e9 en 1951, je vis \u00e0 Rennes. Reportage et paysage sont les deux axes principaux de mon activit\u00e9 photographique. Je pratique la photographie argentique en noir et blanc et suivant les demandes ou commandes je fais num\u00e9riser mes travaux dans un laboratoire.<\/p>\n<p class=\"link-more\"><a class=\"myButt three\" href=\"https:\/\/bernardcornu.fr\/lsdbc\/index.php\/le-photographe\/\">Read More<\/a><\/p>\n","protected":false},"author":1,"featured_media":0,"parent":0,"menu_order":0,"comment_status":"closed","ping_status":"closed","template":"","meta":{"ngg_post_thumbnail":0},"_links":{"self":[{"href":"https:\/\/bernardcornu.fr\/lsdbc\/index.php\/wp-json\/wp\/v2\/pages\/36"}],"collection":[{"href":"https:\/\/bernardcornu.fr\/lsdbc\/index.php\/wp-json\/wp\/v2\/pages"}],"about":[{"href":"https:\/\/bernardcornu.fr\/lsdbc\/index.php\/wp-json\/wp\/v2\/types\/page"}],"author":[{"embeddable":true,"href":"https:\/\/bernardcornu.fr\/lsdbc\/index.php\/wp-json\/wp\/v2\/users\/1"}],"replies":[{"embeddable":true,"href":"https:\/\/bernardcornu.fr\/lsdbc\/index.php\/wp-json\/wp\/v2\/comments?post=36"}],"version-history":[{"count":7,"href":"https:\/\/bernardcornu.fr\/lsdbc\/index.php\/wp-json\/wp\/v2\/pages\/36\/revisions"}],"predecessor-version":[{"id":2252,"href":"https:\/\/bernardcornu.fr\/lsdbc\/index.php\/wp-json\/wp\/v2\/pages\/36\/revisions\/2252"}],"wp:attachment":[{"href":"https:\/\/bernardcornu.fr\/lsdbc\/index.php\/wp-json\/wp\/v2\/media?parent=36"}],"curies":[{"name":"wp","href":"https:\/\/api.w.org\/{rel}","templated":true}]}}