{"id":243,"date":"2020-12-30T17:08:26","date_gmt":"2020-12-30T16:08:26","guid":{"rendered":"http:\/\/bernardcornu.fr\/lsdbc\/?page_id=243"},"modified":"2026-02-03T16:05:10","modified_gmt":"2026-02-03T15:05:10","slug":"expositions","status":"publish","type":"page","link":"https:\/\/bernardcornu.fr\/lsdbc\/index.php\/expositions\/","title":{"rendered":"Expositions"},"content":{"rendered":"\n<div class=\"wp-block-columns\">\n<div class=\"wp-block-column\"><\/div>\n\n\n\n<div class=\"wp-block-column\">\n<p class=\"has-text-align-center has-vivid-cyan-blue-color has-text-color has-medium-font-size\"><strong>Expositions individuelles<\/strong><\/p>\n<\/div>\n\n\n\n<div class=\"wp-block-column\">\n<p class=\"has-text-align-center has-vivid-cyan-blue-color has-text-color has-medium-font-size\"><strong>Expositions collectives<\/strong><\/p>\n<\/div>\n<\/div>\n\n\n\n<hr class=\"wp-block-separator is-style-wide\"\/>\n\n\n\n<div class=\"wp-block-columns\">\n<div class=\"wp-block-column\">\n<p class=\"has-text-align-center has-white-color has-cyan-bluish-gray-background-color has-text-color has-background has-medium-font-size\">2026<\/p>\n<\/div>\n\n\n\n<div class=\"wp-block-column\"><\/div>\n\n\n\n<div class=\"wp-block-column\">\n<p class=\"has-medium-font-size\">Les A\u00e7ores : Octobre 2026 ; Exposition-hommage \u00e0 Nuno J\u00f9dice &#8220;O prazer das imagens&#8221;<br>Pr\u00e9sentation des deux livres &#8220;Portugal, un voyage dans le temps&#8221; , et &#8220;Lisbonne, l&#8217;appel du large&#8221; ainsi que deux photographies<\/p>\n<\/div>\n<\/div>\n\n\n\n<hr class=\"wp-block-separator is-style-wide\"\/>\n\n\n\n<div class=\"wp-block-columns\">\n<div class=\"wp-block-column\">\n<p class=\"has-text-align-center has-white-color has-cyan-bluish-gray-background-color has-text-color has-background has-medium-font-size\">2025<\/p>\n<\/div>\n\n\n\n<div class=\"wp-block-column\"><\/div>\n\n\n\n<div class=\"wp-block-column\">\n<p class=\"has-medium-font-size\">Museu de Portimao : 20 Septembre- 30 Janvier 2026 ; exposition-hommage \u00e0 Nuno J\u00f9dice<br>Pr\u00e9sentation des deux livres : &#8220;Portugal, un voyage dans le temps&#8221; , et &#8220;Lisbonne, l&#8217;appel du large&#8221; ainsi que deux photographies.<\/p>\n<\/div>\n<\/div>\n\n\n\n<hr class=\"wp-block-separator is-style-wide\"\/>\n\n\n\n<div class=\"wp-block-columns\">\n<div class=\"wp-block-column\">\n<p class=\"has-text-align-center has-white-color has-cyan-bluish-gray-background-color has-text-color has-background has-medium-font-size\">2024<\/p>\n<\/div>\n\n\n\n<div class=\"wp-block-column\">\n<p class=\"has-medium-font-size\">&#8220;Bernard Cornu e Portugal : a peregrina\u00e7\u00e3o de um olhar&#8221;&nbsp; Centro Cultural Raiano Idanha a Novadu 26 Juillet au 15 Octobre<\/p>\n<\/div>\n\n\n\n<div class=\"wp-block-column\"><\/div>\n<\/div>\n\n\n\n<div class=\"wp-block-columns\">\n<div class=\"wp-block-column\">\n<p class=\"has-text-align-center has-white-color has-cyan-bluish-gray-background-color has-text-color has-background has-medium-font-size\">2023<\/p>\n<\/div>\n\n\n\n<div class=\"wp-block-column\"><\/div>\n\n\n\n<div class=\"wp-block-column\">\n<p class=\"has-medium-font-size\">&#8220;L&#8217;expo plein air&#8221;:  l&#8217;animal dans la photographie contemporaine&nbsp;.<br>Ch\u00e2teaulin (29), enclos paroissial de l&#8217;\u00e9glise Notre Dame.<br>Du 15 juin au 15 octobre 2023<\/p>\n<\/div>\n<\/div>\n\n\n\n<hr class=\"wp-block-separator is-style-wide\"\/>\n\n\n\n<div class=\"wp-block-columns\">\n<div class=\"wp-block-column\">\n<p class=\"has-text-align-center has-white-color has-cyan-bluish-gray-background-color has-text-color has-background has-medium-font-size\"><strong>2019<\/strong><\/p>\n<\/div>\n\n\n\n<div class=\"wp-block-column\">\n<p class=\"has-medium-font-size\">Rennes : &#8220;Voyageurs du Monde&#8221;<\/p>\n\n\n\n<p class=\"has-text-align-left has-medium-font-size\">&#8220;Lisbonne, l&#8217;appel du large&#8221; ; pr\u00e9sentation du livre et rencontre avec le public<\/p>\n<\/div>\n\n\n\n<div class=\"wp-block-column\">\n<p><\/p>\n<\/div>\n<\/div>\n\n\n\n<hr class=\"wp-block-separator is-style-wide\"\/>\n\n\n\n<div class=\"wp-block-columns\">\n<div class=\"wp-block-column\">\n<p class=\"has-text-align-center has-white-color has-cyan-bluish-gray-background-color has-text-color has-background has-medium-font-size\"><strong>2018<\/strong><\/p>\n<\/div>\n\n\n\n<div class=\"wp-block-column\">\n<p class=\"has-medium-font-size\">Jarny M\u00e9diath\u00e8que-Maison d&#8217;Elsa : &#8220;Portugal, un voyage dans le temps&#8221;, pr\u00e9sentation du livre et conf\u00e9rence.<\/p>\n\n\n\n<p class=\"has-medium-font-size\">Rennes , espace \u00abMy by Thierry Bouvier\u00bb: \u00abMadeira via Lisboa\u00bb.<\/p>\n\n\n\n<p class=\"has-medium-font-size\">Rennes, la Dame blanche, p\u00e9niche &#8211; spectacle: \u00abPortugal, un voyage dans le temps\u00bb.<\/p>\n<\/div>\n\n\n\n<div class=\"wp-block-column\"><\/div>\n<\/div>\n\n\n\n<div class=\"wp-block-columns\">\n<div class=\"wp-block-column\">\n<hr class=\"wp-block-separator is-style-wide\"\/>\n<\/div>\n<\/div>\n\n\n\n<div class=\"wp-block-columns\">\n<div class=\"wp-block-column\">\n<p class=\"has-text-align-center has-white-color has-cyan-bluish-gray-background-color has-text-color has-background has-medium-font-size\"><strong>2017<\/strong><\/p>\n<\/div>\n\n\n\n<div class=\"wp-block-column\">\n<p class=\"has-medium-font-size\">Paris: Maison du Portugal; \u00abPortugal, un voyage dans le temps\u00bb; pr\u00e9sentation du livre et \u00e9changes avec le public<\/p>\n<\/div>\n\n\n\n<div class=\"wp-block-column\">\n<p class=\"has-medium-font-size\">Jarny, exposition des oeuvres photographiques acquises par la ville<\/p>\n<\/div>\n<\/div>\n\n\n\n<hr class=\"wp-block-separator is-style-wide\"\/>\n\n\n\n<div class=\"wp-block-columns\">\n<div class=\"wp-block-column\">\n<p class=\"has-text-align-center has-white-color has-cyan-bluish-gray-background-color has-text-color has-background has-medium-font-size\"><strong>2016<\/strong><\/p>\n<\/div>\n\n\n\n<div class=\"wp-block-column\">\n<p class=\"has-medium-font-size\">Rennes : Maison de la Po\u00e9sie ; &#8220;Portugal, un voyage dans le temps&#8221;<\/p>\n\n\n\n<p class=\"has-medium-font-size\">Lisbonne (Portugal) : Librairie Circulo das Letras ; conf\u00e9rence et pr\u00e9sentation du livre &#8220;Portugal, un voyage dans le temps&#8221;<\/p>\n<\/div>\n\n\n\n<div class=\"wp-block-column\">\n<p><\/p>\n<\/div>\n<\/div>\n\n\n\n<hr class=\"wp-block-separator is-style-wide\"\/>\n\n\n\n<div class=\"wp-block-columns\">\n<div class=\"wp-block-column\">\n<p class=\"has-text-align-center has-white-color has-cyan-bluish-gray-background-color has-text-color has-background has-medium-font-size\"><strong>2015<\/strong><\/p>\n<\/div>\n\n\n\n<div class=\"wp-block-column\">\n<p class=\"has-medium-font-size\">Saint Servan: Galerie des Sablons, sur le th\u00e8me du cheval breton<\/p>\n\n\n\n<p class=\"has-medium-font-size\">Lisbonne (Portugal): Librairie Ferin; conf\u00e9rence et pr\u00e9sentation du livre &#8220;Portugal, un voyage dans le temps&#8221;<\/p>\n\n\n\n<p class=\"has-medium-font-size\">Lamballe: Haras National, \u00abLe cheval breton dans tous ses \u00e9tats\u00bb<\/p>\n<\/div>\n\n\n\n<div class=\"wp-block-column\">\n<p class=\"has-medium-font-size\">Dol de Bretagne, festival \u00abBretagne, terre de photograghes\u00bb, photos dans la ville<\/p>\n<\/div>\n<\/div>\n\n\n\n<hr class=\"wp-block-separator is-style-wide\"\/>\n\n\n\n<div class=\"wp-block-columns\">\n<div class=\"wp-block-column\">\n<p class=\"has-text-align-center has-white-color has-cyan-bluish-gray-background-color has-text-color has-background has-medium-font-size\"><strong>2014<\/strong><\/p>\n<\/div>\n\n\n\n<div class=\"wp-block-column\">\n<p class=\"has-medium-font-size\">Saint-Malo, Maison Internationale des Po\u00e8tes et des Ecrivains (dans le cadre du centenaire de la naissance de Per Jakez H\u00e9lias)<\/p>\n\n\n\n<p class=\"has-medium-font-size\">Saint-Malo, Tour Bidouanne: &#8220;Portugal, un voyage dans le temps&#8221;<\/p>\n\n\n\n<p class=\"has-medium-font-size\">Sens de Bretagne, Centre Culturel: &#8220;Portugal, un voyage dans le temps&#8221;<\/p>\n<\/div>\n\n\n\n<div class=\"wp-block-column\"><\/div>\n<\/div>\n\n\n\n<hr class=\"wp-block-separator is-style-wide\"\/>\n\n\n\n<div class=\"wp-block-columns\">\n<div class=\"wp-block-column\">\n<p class=\"has-text-align-center has-white-color has-cyan-bluish-gray-background-color has-text-color has-background has-medium-font-size\"><strong>2012<\/strong><\/p>\n<\/div>\n\n\n\n<div class=\"wp-block-column\">\n<p class=\"has-medium-font-size\">Monsanto (Portugal), Centre Culturel, Idanha a Nova (Portugal), Centro Cultural Raiano<\/p>\n<\/div>\n\n\n\n<div class=\"wp-block-column\">\n<p class=\"has-medium-font-size\">Le Guilvinec, festival Photographique : &#8220;L&#8217;homme et la mer&#8221; photographies dans la ville<\/p>\n<\/div>\n<\/div>\n\n\n\n<hr class=\"wp-block-separator is-style-wide\"\/>\n\n\n\n<div class=\"wp-block-columns\">\n<div class=\"wp-block-column\">\n<p class=\"has-text-align-center has-white-color has-cyan-bluish-gray-background-color has-text-color has-background has-medium-font-size\"><strong>2011<\/strong><\/p>\n<\/div>\n\n\n\n<div class=\"wp-block-column\">\n<p class=\"has-medium-font-size\">Monsanto (Portugal), Centre Culturel<\/p>\n<\/div>\n\n\n\n<div class=\"wp-block-column\"><\/div>\n<\/div>\n\n\n\n<hr class=\"wp-block-separator is-style-wide\"\/>\n\n\n\n<div class=\"wp-block-columns\">\n<div class=\"wp-block-column\">\n<p class=\"has-text-align-center has-white-color has-cyan-bluish-gray-background-color has-text-color has-background has-medium-font-size\"><strong>2010<\/strong><\/p>\n<\/div>\n\n\n\n<div class=\"wp-block-column\"><\/div>\n\n\n\n<div class=\"wp-block-column\">\n<p class=\"has-medium-font-size\">Pleumeur Bodou (Chapelle St Samson): Les Estivales Photographiques du Tregor (le monde animal)<\/p>\n<\/div>\n<\/div>\n\n\n\n<hr class=\"wp-block-separator is-style-wide\"\/>\n\n\n\n<div class=\"wp-block-columns\">\n<div class=\"wp-block-column\">\n<p class=\"has-text-align-center has-white-color has-cyan-bluish-gray-background-color has-text-color has-background has-medium-font-size\"><strong>2009<\/strong><\/p>\n<\/div>\n\n\n\n<div class=\"wp-block-column\">\n<p class=\"has-medium-font-size\">Rennes, P\u00e9niche-Spectacle (Lisbonne ou les chemins d&#8217;errance)<\/p>\n<\/div>\n\n\n\n<div class=\"wp-block-column\"><\/div>\n<\/div>\n\n\n\n<hr class=\"wp-block-separator is-style-wide\"\/>\n\n\n\n<div class=\"wp-block-columns\">\n<div class=\"wp-block-column\">\n<p class=\"has-text-align-center has-white-color has-cyan-bluish-gray-background-color has-text-color has-background has-medium-font-size\"><strong>2008<\/strong><\/p>\n<\/div>\n\n\n\n<div class=\"wp-block-column\">\n<p class=\"has-medium-font-size\">Rennes, Galerie de l&#8217;Espace International (MIR), FNAC<\/p>\n\n\n\n<p class=\"has-medium-font-size\">Chapelle St Yves<\/p>\n<\/div>\n\n\n\n<div class=\"wp-block-column\"><\/div>\n<\/div>\n\n\n\n<hr class=\"wp-block-separator is-style-wide\"\/>\n\n\n\n<div class=\"wp-block-columns\">\n<div class=\"wp-block-column\">\n<p class=\"has-text-align-center has-white-color has-cyan-bluish-gray-background-color has-text-color has-background has-medium-font-size\"><strong>2006<\/strong><\/p>\n<\/div>\n\n\n\n<div class=\"wp-block-column\">\n<p class=\"has-medium-font-size\">Saint-Malo; centre Culturel Salvador Allende<\/p>\n\n\n\n<p class=\"has-medium-font-size\">Caldas da Rainha (Portugal), Atelier Museu Antonio Duarte<\/p>\n\n\n\n<p class=\"has-medium-font-size\">Thorign\u00e9 Fouillard, Photo-Folies<\/p>\n\n\n\n<p class=\"has-medium-font-size\">Chartres de Bretagne, Galerie le Carr\u00e9 d&#8217;Art<\/p>\n<\/div>\n\n\n\n<div class=\"wp-block-column\"><\/div>\n<\/div>\n\n\n\n<hr class=\"wp-block-separator is-style-wide\"\/>\n\n\n\n<div class=\"wp-block-columns\">\n<div class=\"wp-block-column\">\n<p class=\"has-text-align-center has-white-color has-cyan-bluish-gray-background-color has-text-color has-background has-medium-font-size\"><strong>2005<\/strong><\/p>\n<\/div>\n\n\n\n<div class=\"wp-block-column\">\n<p class=\"has-medium-font-size\">Luxembourg, Institut Cam\u00f5es<\/p>\n<\/div>\n\n\n\n<div class=\"wp-block-column\"><\/div>\n<\/div>\n\n\n\n<div class=\"wp-block-columns\">\n<div class=\"wp-block-column\">\n<p class=\"has-text-align-center has-white-color has-cyan-bluish-gray-background-color has-text-color has-background has-medium-font-size\"><strong>2004<\/strong><\/p>\n<\/div>\n\n\n\n<div class=\"wp-block-column\">\n<p class=\"has-medium-font-size\">Paris, Colegio de Espa\u00f1a<\/p>\n\n\n\n<p class=\"has-medium-font-size\">Castelo Branco (Portugal), Cin\u00e9 T\u00e9atro (dans le cadre de l&#8217;Euro de Football)<\/p>\n\n\n\n<p class=\"has-medium-font-size\">Saint-Malo, Maison Internationale des Po\u00e8tes et des Ecrivains (le printemps des po\u00e8tes)<\/p>\n<\/div>\n\n\n\n<div class=\"wp-block-column\">\n<p class=\"has-medium-font-size\">Chartres de Bretagne, Galerie le Carr\u00e9 d&#8217;Art : &#8220;10 ans d&#8217;acquisitions du Carr\u00e9 d&#8217;Art&#8221;<\/p>\n<\/div>\n<\/div>\n\n\n\n<hr class=\"wp-block-separator is-style-wide\"\/>\n\n\n\n<div class=\"wp-block-columns\">\n<div class=\"wp-block-column\">\n<p class=\"has-text-align-center has-white-color has-cyan-bluish-gray-background-color has-text-color has-background has-medium-font-size\"><strong>2003<\/strong><\/p>\n<\/div>\n\n\n\n<div class=\"wp-block-column\">\n<p class=\"has-medium-font-size\">Paris, Institut Cam\u00f5es<\/p>\n<\/div>\n\n\n\n<div class=\"wp-block-column\">\n<p class=\"has-medium-font-size\">Combrit, Fort de Ste Marine : &#8220;Corps&#8221;<\/p>\n\n\n\n<p class=\"has-medium-font-size\">Lorient, Galerie Le Lieu : &#8220;La Bretagne&#8221;<\/p>\n<\/div>\n<\/div>\n\n\n\n<hr class=\"wp-block-separator is-style-wide\"\/>\n\n\n\n<div class=\"wp-block-columns\">\n<div class=\"wp-block-column\">\n<p class=\"has-text-align-center has-white-color has-cyan-bluish-gray-background-color has-text-color has-background has-medium-font-size\"><strong>2002<\/strong><\/p>\n<\/div>\n\n\n\n<div class=\"wp-block-column\">\n<p class=\"has-medium-font-size\">Vannes, Biblioth\u00e8que Municipale<\/p>\n\n\n\n<p class=\"has-medium-font-size\">Saint-Malo, Ch\u00e2teau de la Briantais (rencontres Po\u00e9tiques internationales de Bretagne)<\/p>\n\n\n\n<p class=\"has-medium-font-size\">Nazar\u00e9 (Portugal), Centro Cultural<\/p>\n\n\n\n<p class=\"has-medium-font-size\">Obidos (Portugal), Solar da Pra\u00e7a de Santa Maria<\/p>\n\n\n\n<p class=\"has-medium-font-size\">Rennes, l&#8217;Orangerie du Thabord (Festival des Tomb\u00e9es de la Nuit)<\/p>\n\n\n\n<p class=\"has-medium-font-size\">Rennes, l&#8217;Archipel (Travelling Lisbonne)<\/p>\n<\/div>\n\n\n\n<div class=\"wp-block-column\"><\/div>\n<\/div>\n\n\n\n<hr class=\"wp-block-separator is-style-wide\"\/>\n\n\n\n<div class=\"wp-block-columns\">\n<div class=\"wp-block-column\">\n<p class=\"has-text-align-center has-white-color has-cyan-bluish-gray-background-color has-text-color has-background has-medium-font-size\"><strong>2000<\/strong><\/p>\n<\/div>\n\n\n\n<div class=\"wp-block-column\"><\/div>\n\n\n\n<div class=\"wp-block-column\">\n<p class=\"has-medium-font-size\">Lannion, l&#8217;Imagerie: &#8220;Comment voyez vous l&#8217;an 2000?&#8221;<\/p>\n<\/div>\n<\/div>\n\n\n\n<hr class=\"wp-block-separator is-style-wide\"\/>\n\n\n\n<div class=\"wp-block-columns\">\n<div class=\"wp-block-column\">\n<p class=\"has-text-align-center has-white-color has-cyan-bluish-gray-background-color has-text-color has-background has-medium-font-size\"><strong>1999<\/strong><\/p>\n<\/div>\n\n\n\n<div class=\"wp-block-column\">\n<p class=\"has-medium-font-size\">Saint Jacques de la Lande, Galerie Diaph&nbsp;<\/p>\n\n\n\n<p class=\"has-medium-font-size\">Rennes, Universit\u00e9 Rennes2 (Hall de la Pr\u00e9sidence)<\/p>\n\n\n\n<p class=\"has-medium-font-size\">Idanha a Nova (Portugal), Centro Cultural Raiano<\/p>\n<\/div>\n\n\n\n<div class=\"wp-block-column\">\n<p class=\"has-medium-font-size\">Hennebont, Galerie Pierre Tal Coat : &#8220;Acquisitions de l&#8217;Arthot\u00e8que&#8221;<\/p>\n\n\n\n<p class=\"has-medium-font-size\">Lannion&nbsp;&nbsp; l&#8217;Imagerie : &#8220;Collection photographique de l&#8217;Imagerie&#8221;<\/p>\n\n\n\n<p class=\"has-medium-font-size\">Brest, St Brieuc, Chartres de Bretagne&nbsp; &#8220;Ma Pr\u00e9f\u00e9r\u00e9e&#8221;<\/p>\n<\/div>\n<\/div>\n\n\n\n<hr class=\"wp-block-separator is-style-wide\"\/>\n\n\n\n<div class=\"wp-block-columns\">\n<div class=\"wp-block-column\">\n<p class=\"has-text-align-center has-white-color has-cyan-bluish-gray-background-color has-text-color has-background has-medium-font-size\"><strong>1998<\/strong><\/p>\n<\/div>\n\n\n\n<div class=\"wp-block-column\">\n<p class=\"has-medium-font-size\">Al\u00e8s, Biblioth\u00e8que<\/p>\n\n\n\n<p class=\"has-medium-font-size\">Rennes, FNAC<\/p>\n<\/div>\n\n\n\n<div class=\"wp-block-column\"><\/div>\n<\/div>\n\n\n\n<hr class=\"wp-block-separator is-style-wide\"\/>\n\n\n\n<div class=\"wp-block-columns\">\n<div class=\"wp-block-column\">\n<p class=\"has-text-align-center has-white-color has-cyan-bluish-gray-background-color has-text-color has-background has-medium-font-size\"><strong>1997<\/strong><\/p>\n<\/div>\n\n\n\n<div class=\"wp-block-column\"><\/div>\n\n\n\n<div class=\"wp-block-column\">\n<p class=\"has-medium-font-size\">Chartres de Bretagne, Carr\u00e9 d&#8217;Art : &#8220;Fonds photographique de la ville de Chartres<\/p>\n<\/div>\n<\/div>\n\n\n\n<hr class=\"wp-block-separator is-style-wide\"\/>\n\n\n\n<div class=\"wp-block-columns\">\n<div class=\"wp-block-column\">\n<p class=\"has-text-align-center has-white-color has-cyan-bluish-gray-background-color has-text-color has-background has-medium-font-size\"><strong>1996<\/strong><\/p>\n<\/div>\n\n\n\n<div class=\"wp-block-column\">\n<p class=\"has-medium-font-size\">Le Mans, H\u00f4tel de Ville<\/p>\n\n\n\n<p class=\"has-medium-font-size\">Arles, Festival Off<\/p>\n<\/div>\n\n\n\n<div class=\"wp-block-column\">\n<p class=\"has-medium-font-size\">Le Mans, H\u00f4tel de Ville : &#8220;Trente Cinquante&#8221;<\/p>\n<\/div>\n<\/div>\n\n\n\n<hr class=\"wp-block-separator is-style-wide\"\/>\n\n\n\n<div class=\"wp-block-columns\">\n<div class=\"wp-block-column\">\n<p class=\"has-text-align-center has-white-color has-cyan-bluish-gray-background-color has-text-color has-background has-medium-font-size\"><strong>1995<\/strong><\/p>\n<\/div>\n\n\n\n<div class=\"wp-block-column\">\n<p class=\"has-medium-font-size\">Quimper, Mai-Photographies<\/p>\n<\/div>\n\n\n\n<div class=\"wp-block-column\">\n<p class=\"has-medium-font-size\">Hennebont, Quimper&nbsp;&nbsp; &#8220;Ma Pr\u00e9f\u00e9r\u00e9e&#8221;<\/p>\n\n\n\n<p class=\"has-medium-font-size\">Coudekerke Branche&nbsp;&nbsp; &#8220;Focales95&#8221;<\/p>\n<\/div>\n<\/div>\n\n\n\n<hr class=\"wp-block-separator is-style-wide\"\/>\n\n\n\n<div class=\"wp-block-columns\">\n<div class=\"wp-block-column\">\n<p class=\"has-text-align-center has-white-color has-cyan-bluish-gray-background-color has-text-color has-background has-medium-font-size\"><strong>1994<\/strong><\/p>\n<\/div>\n\n\n\n<div class=\"wp-block-column\">\n<p class=\"has-medium-font-size\">Limerick (Irlande), Gallery of Art<\/p>\n<\/div>\n\n\n\n<div class=\"wp-block-column\"><\/div>\n<\/div>\n\n\n\n<hr class=\"wp-block-separator is-style-wide\"\/>\n\n\n\n<div class=\"wp-block-columns\">\n<div class=\"wp-block-column\">\n<p class=\"has-text-align-center has-white-color has-cyan-bluish-gray-background-color has-text-color has-background has-medium-font-size\"><strong>1993<\/strong><\/p>\n<\/div>\n\n\n\n<div class=\"wp-block-column\">\n<p class=\"has-medium-font-size\">Meudon, Centre Culturel<\/p>\n<\/div>\n\n\n\n<div class=\"wp-block-column\">\n<p class=\"has-medium-font-size\">Quimperl\u00e9, Lyc\u00e9e de Kerneuzec : &#8220;Photographies&#8221;<\/p>\n<\/div>\n<\/div>\n\n\n\n<hr class=\"wp-block-separator is-style-wide\"\/>\n\n\n\n<div class=\"wp-block-columns\">\n<div class=\"wp-block-column\">\n<p class=\"has-text-align-center has-white-color has-cyan-bluish-gray-background-color has-text-color has-background has-medium-font-size\"><strong>1992<\/strong><\/p>\n<\/div>\n\n\n\n<div class=\"wp-block-column\">\n<p class=\"has-medium-font-size\">Rennes, H\u00f4tel de Ville<\/p>\n\n\n\n<p class=\"has-medium-font-size\">Rennes, FNAC<\/p>\n<\/div>\n\n\n\n<div class=\"wp-block-column\">\n<p class=\"has-medium-font-size\">Chartres de Bretagne Centre Culturel P\u00f4le Sud : &#8220;Bernard Cornu, photographies coup de coeur&#8221;<\/p>\n<\/div>\n<\/div>\n\n\n\n<hr class=\"wp-block-separator is-style-wide\"\/>\n\n\n\n<div class=\"wp-block-columns\">\n<div class=\"wp-block-column\">\n<p class=\"has-text-align-center has-white-color has-cyan-bluish-gray-background-color has-text-color has-background has-medium-font-size\"><strong>1991<\/strong><\/p>\n<\/div>\n\n\n\n<div class=\"wp-block-column\">\n<p class=\"has-medium-font-size\">Bordeaux, Biblioth\u00e8que<\/p>\n<\/div>\n\n\n\n<div class=\"wp-block-column\">\n<p class=\"has-medium-font-size\">Hennebont, Centre Culturel : &#8220;Bernard Cornu, photographe collectionneur&#8221;<\/p>\n\n\n\n<p class=\"has-medium-font-size\">Vannes, St Brieuc, Quimper : &#8220;10ans de cr\u00e9ation photographique en Bretagne&#8221;<\/p>\n\n\n\n<p class=\"has-medium-font-size\">Rennes, St Herblain&nbsp;&nbsp; &#8220;Un texte, une image&#8221;<\/p>\n<\/div>\n<\/div>\n\n\n\n<hr class=\"wp-block-separator is-style-wide\"\/>\n\n\n\n<div class=\"wp-block-columns\">\n<div class=\"wp-block-column\">\n<p class=\"has-text-align-center has-white-color has-cyan-bluish-gray-background-color has-text-color has-background has-medium-font-size\"><strong>1990<\/strong><\/p>\n<\/div>\n\n\n\n<div class=\"wp-block-column\">\n<p class=\"has-medium-font-size\">Coutances, Mus\u00e9e<\/p>\n<\/div>\n\n\n\n<div class=\"wp-block-column\">\n<p class=\"has-medium-font-size\">Laon, Maison des arts et des loisirs : &#8220;R\u00e9tospective Photographique&#8221;<\/p>\n\n\n\n<p class=\"has-medium-font-size\">Rennes&nbsp;&nbsp; FNAC, Le Triangle : &#8220;Commande photographique sur l&#8217;Action Sociale&#8221;<\/p>\n\n\n\n<p class=\"has-medium-font-size\">Quimper, La Rochelle, Anglet, Tarbes, Cholet, Poitiers, La Baule&nbsp;&nbsp; &#8220;Un texte, une image&#8221;<\/p>\n\n\n\n<p class=\"has-medium-font-size\">Rennes, Le Triangle : &#8220;Les 4 saisons du paysages&#8221;<\/p>\n\n\n\n<p class=\"has-medium-font-size\">Montfort\/meu, &#8220;Photographies Buissonni\u00e8res&#8221;<\/p>\n<\/div>\n<\/div>\n\n\n\n<hr class=\"wp-block-separator is-style-wide\"\/>\n\n\n\n<div class=\"wp-block-columns\">\n<div class=\"wp-block-column\">\n<p class=\"has-text-align-center has-white-color has-cyan-bluish-gray-background-color has-text-color has-background has-medium-font-size\"><strong>1989<\/strong><\/p>\n<\/div>\n\n\n\n<div class=\"wp-block-column\">\n<p class=\"has-medium-font-size\">Rennes, FNAC<\/p>\n\n\n\n<p class=\"has-medium-font-size\">Catania (Italie), Librogalleria La Mimosa<\/p>\n<\/div>\n\n\n\n<div class=\"wp-block-column\">\n<p class=\"has-medium-font-size\">Rennes, Le Triangle: &#8220;M comme minuscule, les photographes dans la tour&#8221;<\/p>\n<\/div>\n<\/div>\n\n\n\n<hr class=\"wp-block-separator is-style-wide\"\/>\n\n\n\n<div class=\"wp-block-columns\">\n<div class=\"wp-block-column\">\n<p class=\"has-text-align-center has-white-color has-cyan-bluish-gray-background-color has-text-color has-background has-medium-font-size\"><strong>1988<\/strong><\/p>\n<\/div>\n\n\n\n<div class=\"wp-block-column\">\n<p class=\"has-medium-font-size\">Rennes, Centre Culturel Triangle<\/p>\n\n\n\n<p class=\"has-medium-font-size\">Jarny,Espace G\u00e9rard Philippe<\/p>\n\n\n\n<p class=\"has-medium-font-size\">St Cyr l&#8217;Ecole, Centre Culturel Elsa Triolet<\/p>\n\n\n\n<p class=\"has-medium-font-size\">Hennebont, Centre Culturel<\/p>\n<\/div>\n\n\n\n<div class=\"wp-block-column\"><\/div>\n<\/div>\n\n\n\n<hr class=\"wp-block-separator is-style-wide\"\/>\n\n\n\n<div class=\"wp-block-columns\">\n<div class=\"wp-block-column\">\n<p class=\"has-text-align-center has-white-color has-cyan-bluish-gray-background-color has-text-color has-background has-medium-font-size\"><strong>1987<\/strong><\/p>\n<\/div>\n\n\n\n<div class=\"wp-block-column\">\n<p class=\"has-medium-font-size\">Dudelange (Luxembourg), Galerie Nei-Licht<\/p>\n\n\n\n<p class=\"has-medium-font-size\">Lannion, l&#8217;Imagerie<\/p>\n<\/div>\n\n\n\n<div class=\"wp-block-column\"><\/div>\n<\/div>\n\n\n\n<hr class=\"wp-block-separator is-style-wide\"\/>\n\n\n\n<div class=\"wp-block-columns\">\n<div class=\"wp-block-column\">\n<p class=\"has-text-align-center has-white-color has-cyan-bluish-gray-background-color has-text-color has-background has-medium-font-size\"><strong>1986<\/strong><\/p>\n<\/div>\n\n\n\n<div class=\"wp-block-column\">\n<p class=\"has-medium-font-size\">Jarny, Espace G\u00e9rard Philippe<\/p>\n\n\n\n<p class=\"has-medium-font-size\">Rennes, Maison de la Culture<\/p>\n<\/div>\n\n\n\n<div class=\"wp-block-column\"><\/div>\n<\/div>\n\n\n\n<hr class=\"wp-block-separator is-style-wide\"\/>\n\n\n\n<div class=\"wp-block-columns\">\n<div class=\"wp-block-column\">\n<p class=\"has-text-align-center has-white-color has-cyan-bluish-gray-background-color has-text-color has-background has-medium-font-size\"><strong>1983<\/strong><\/p>\n<\/div>\n\n\n\n<div class=\"wp-block-column\"><\/div>\n\n\n\n<div class=\"wp-block-column\">\n<p class=\"has-medium-font-size\">Quimper,&nbsp;&nbsp; Mus\u00e9e des Beaux Arts : &#8220;Acquisitions du FRAC Bretagne&#8221;<\/p>\n\n\n\n<p class=\"has-medium-font-size\">Guerlesquin,&nbsp;&nbsp; &#8220;l&#8217;Art en campagne&#8221;, intervention dans la ville en collaboration avec la DRAC<\/p>\n<\/div>\n<\/div>\n\n\n\n<p><\/p>\n","protected":false},"excerpt":{"rendered":"<p>Expositions individuelles Expositions collectives 2026 Les A\u00e7ores : Octobre 2026 ; Exposition-hommage \u00e0 Nuno J\u00f9dice &#8220;O prazer das imagens&#8221;Pr\u00e9sentation des deux livres &#8220;Portugal, un voyage dans le temps&#8221; , et &#8220;Lisbonne, l&#8217;appel du large&#8221; ainsi que deux photographies 2025 Museu de Portimao<\/p>\n<p class=\"link-more\"><a class=\"myButt three\" href=\"https:\/\/bernardcornu.fr\/lsdbc\/index.php\/expositions\/\">Read More<\/a><\/p>\n","protected":false},"author":1,"featured_media":0,"parent":0,"menu_order":0,"comment_status":"closed","ping_status":"closed","template":"","meta":{"ngg_post_thumbnail":0},"_links":{"self":[{"href":"https:\/\/bernardcornu.fr\/lsdbc\/index.php\/wp-json\/wp\/v2\/pages\/243"}],"collection":[{"href":"https:\/\/bernardcornu.fr\/lsdbc\/index.php\/wp-json\/wp\/v2\/pages"}],"about":[{"href":"https:\/\/bernardcornu.fr\/lsdbc\/index.php\/wp-json\/wp\/v2\/types\/page"}],"author":[{"embeddable":true,"href":"https:\/\/bernardcornu.fr\/lsdbc\/index.php\/wp-json\/wp\/v2\/users\/1"}],"replies":[{"embeddable":true,"href":"https:\/\/bernardcornu.fr\/lsdbc\/index.php\/wp-json\/wp\/v2\/comments?post=243"}],"version-history":[{"count":25,"href":"https:\/\/bernardcornu.fr\/lsdbc\/index.php\/wp-json\/wp\/v2\/pages\/243\/revisions"}],"predecessor-version":[{"id":2251,"href":"https:\/\/bernardcornu.fr\/lsdbc\/index.php\/wp-json\/wp\/v2\/pages\/243\/revisions\/2251"}],"wp:attachment":[{"href":"https:\/\/bernardcornu.fr\/lsdbc\/index.php\/wp-json\/wp\/v2\/media?parent=243"}],"curies":[{"name":"wp","href":"https:\/\/api.w.org\/{rel}","templated":true}]}}