{"id":179,"date":"2020-12-27T22:06:36","date_gmt":"2020-12-27T21:06:36","guid":{"rendered":"http:\/\/bernardcornu.fr\/lsdbc\/?page_id=179"},"modified":"2024-12-03T16:50:50","modified_gmt":"2024-12-03T15:50:50","slug":"livres","status":"publish","type":"page","link":"https:\/\/bernardcornu.fr\/lsdbc\/index.php\/livres\/","title":{"rendered":"Livres"},"content":{"rendered":"\n<figure class=\"wp-block-table is-style-stripes\"><table class=\"has-fixed-layout\"><tbody><tr><td class=\"has-text-align-center\" data-align=\"center\"><img loading=\"lazy\" width=\"300\" height=\"275\" class=\"wp-image-1892\" style=\"width: 270px;\" src=\"http:\/\/bernardcornu.fr\/lsdbc\/wp-content\/uploads\/2022\/07\/br.jpg\" alt=\"\"><\/td><td class=\"has-text-align-center\" data-align=\"center\"><strong>Bretagne, <\/strong><br><strong>des baies ouvertes sur le monde<\/strong><br><br>\u00c9ditions Un Autre Reg&#8217;art, 2022<br><br>Acheter : Librairies,<br>Espaces Culturels Leclerc<\/td><td class=\"has-text-align-center\" data-align=\"center\"><img loading=\"lazy\" width=\"400\" height=\"272\" class=\"wp-image-1893\" style=\"width: 270px;\" src=\"http:\/\/bernardcornu.fr\/lsdbc\/wp-content\/uploads\/2022\/07\/re.jpg\" alt=\"\" srcset=\"https:\/\/bernardcornu.fr\/lsdbc\/wp-content\/uploads\/2022\/07\/re.jpg 400w, https:\/\/bernardcornu.fr\/lsdbc\/wp-content\/uploads\/2022\/07\/re-300x204.jpg 300w\" sizes=\"(max-width: 400px) 100vw, 400px\" \/><\/td><td class=\"has-text-align-center\" data-align=\"center\"><strong>R\u00e9,<\/strong><br><strong>une \u00eele bien plus loin que le vent<\/strong><br><br>\u00c9ditions Sud Ouest, 2022<br><br>Acheter : Librairies,<br>Espaces Culturels Leclerc<\/td><\/tr><tr><td class=\"has-text-align-center\" data-align=\"center\"><img src=\"http:\/\/www.bernardcornu.fr\/Bernard_Cornu,_site_officiel\/livres_files\/droppedImage_14.jpg\" alt=\"\"><\/td><td class=\"has-text-align-center\" data-align=\"center\"><strong>Lisbonne, l\u2019appel du large<\/strong><br><br>Editions Un Autre Reg&#8217;art, 2019<br><br>Acheter : Librairies,<br>Espaces Culturels Leclerc<\/td><td class=\"has-text-align-center\" data-align=\"center\"><img src=\"http:\/\/www.bernardcornu.fr\/Bernard_Cornu,_site_officiel\/livres_files\/001.jpg\" alt=\"\"><\/td><td class=\"has-text-align-center\" data-align=\"center\"><strong>Portugal, un voyage dans le temps<\/strong><br><br>\u00c9ditions les Pers\u00e9ides, 2013<br><br>textes bilingues de Nuno J\u00f9dice<br><br>Acheter : Librairies, Espaces Culturels Leclerc,&nbsp;<a href=\"http:\/\/www.fotocollector.fr\/\">www.fotocollector.fr<\/a><\/td><\/tr><tr><td class=\"has-text-align-center\" data-align=\"center\"><img src=\"http:\/\/www.bernardcornu.fr\/Bernard_Cornu,_site_officiel\/livres_files\/product_4828346b.jpg\" alt=\"\"><\/td><td class=\"has-text-align-center\" data-align=\"center\"><strong>Les hommes de la baie<\/strong><br><br>Editions Ouest et Cie (Astoure) 2011; textes de Philippe Delacotte, pr\u00e9face d&#8217;Olivier Rollinger<br><br>Acheter : Maison de la baie, au Vivier sur mer,&nbsp;<a href=\"http:\/\/www.fotocollector.fr\/\">www.fotocollector.fr<\/a><\/td><td class=\"has-text-align-center\" data-align=\"center\"><img src=\"http:\/\/www.bernardcornu.fr\/Bernard_Cornu,_site_officiel\/livres_files\/droppedImage.jpg\" alt=\"\" style=\"width: 400px;\"><\/td><td class=\"has-text-align-center\" data-align=\"center\"><strong>Le cheval breton dans tous ses \u00e9tats<\/strong><br><br>Edition Grand West (Pascal Galod\u00e9) 2013<br><br>Acheter : Librairies, Espaces Culturels Leclerc<\/td><\/tr><tr><td class=\"has-text-align-center\" data-align=\"center\"><img src=\"http:\/\/www.bernardcornu.fr\/Bernard_Cornu,_site_officiel\/livres_files\/droppedImage_2.jpg\" alt=\"\"><\/td><td class=\"has-text-align-center\" data-align=\"center\"><strong>P\u00eaches traditionnelles en Europe<\/strong><br><br>Edition \u00e0 compte d&#8217;auteur 2008<br><br>Acheter :&nbsp;<a href=\"http:\/\/www.fotocollector.fr\/\">www.fotocollector.fr<\/a><\/td><td class=\"has-text-align-center\" data-align=\"center\"><img src=\"http:\/\/www.bernardcornu.fr\/Bernard_Cornu,_site_officiel\/livres_files\/droppedImage_3.jpg\" alt=\"\"><\/td><td class=\"has-text-align-center\" data-align=\"center\"><strong>Bernard Cornu<\/strong><br><br>Edition Centro Cultural Raiano 2002 ; textes de Maria do Carmo Ser\u00e9n (Centro Portugu\u00eas de Fotografia) et de Jacques Fressard (journaliste, ma\u00eetre de conf\u00e9rence \u00e0 l&#8217;universit\u00e9 ParisIV, chroniqueur \u00e0 la Quinzaine litt\u00e9raire)<br><br>Acheter :&nbsp;<a href=\"http:\/\/www.fotocollector.fr\/\">www.fotocollector.fr<\/a><\/td><\/tr><tr><td class=\"has-text-align-center\" data-align=\"center\"><img src=\"http:\/\/www.bernardcornu.fr\/Bernard_Cornu,_site_officiel\/livres_files\/droppedImage_1.jpg\" alt=\"\"><\/td><td class=\"has-text-align-center\" data-align=\"center\"><strong>Dans le sillon d\u2019Edmond Herv\u00e9<\/strong><br><br>Editions Astoure 2008 ; textes de Philippe Delacotte<br><br>Acheter :&nbsp;<a href=\"http:\/\/www.fotocollector.fr\/\">www.fotocollector.fr<\/a><\/td><td class=\"has-text-align-center\" data-align=\"center\"><img src=\"http:\/\/www.bernardcornu.fr\/Bernard_Cornu,_site_officiel\/livres_files\/droppedImage_5.jpg\" alt=\"\"><\/td><td class=\"has-text-align-center\" data-align=\"center\"><strong>Do homem Portugu\u00eas<br><\/strong><br>Editions Centro Cultural Raiano 1999 ; texte bilingue de Jacques Fressard (journaliste, ma\u00eetre de conf\u00e9rence \u00e0 l&#8217;universit\u00e9 ParisIV, chroniqueur \u00e0 la Quinzaine litt\u00e9raire)<br><br>Acheter :&nbsp;<a href=\"http:\/\/www.fotocollector.fr\/\">www.fotocollector.fr<\/a><\/td><\/tr><tr><td class=\"has-text-align-center\" data-align=\"center\"><img src=\"http:\/\/www.bernardcornu.fr\/Bernard_Cornu,_site_officiel\/livres_files\/droppedImage_10.jpg\" alt=\"\"><\/td><td class=\"has-text-align-center\" data-align=\"center\"><strong>Football, c\u00f4t\u00e9 cour<\/strong><br><br>Editions Apog\u00e9e 1997;<br><br>textes de Philippe Delacotte<br><br>Acheter :&nbsp;<a href=\"http:\/\/www.fotocollector.fr\/\">www.fotocollector.fr<\/a>, Espace Culturel St Gr\u00e9goire et chez l\u2019auteur<\/td><td class=\"has-text-align-center\" data-align=\"center\"><img src=\"http:\/\/www.bernardcornu.fr\/Bernard_Cornu,_site_officiel\/livres_files\/droppedImage_4.jpg\" alt=\"\"><\/td><td class=\"has-text-align-center\" data-align=\"center\"><strong>L\u2019oisellerie noire<\/strong><br><br>Editions Dana 2002 ; textes de Jean-Pierre Abraham<br><br>Acheter :&nbsp;<a href=\"http:\/\/www.fotocollector.fr\/\">www.fotocollector.fr<\/a>, et chez l\u2019auteur<\/td><\/tr><tr><td class=\"has-text-align-center\" data-align=\"center\"><img src=\"http:\/\/www.bernardcornu.fr\/Bernard_Cornu,_site_officiel\/livres_files\/droppedImage_12.jpg\" alt=\"\"><\/td><td class=\"has-text-align-center\" data-align=\"center\"><strong>Latences<\/strong><br><br>Editions ENSP 1992 ; textes de: Jacques Ladsous, Christian Chass\u00e9riaud, Mika\u00ebl Cazot<br><br>Acheter :&nbsp;<a href=\"http:\/\/www.fotocollector.fr\/\">www.fotocollector.fr<\/a> et chez l\u2019auteur<\/td><td class=\"has-text-align-center\" data-align=\"center\"><img src=\"http:\/\/www.bernardcornu.fr\/Bernard_Cornu,_site_officiel\/livres_files\/droppedImage_6.jpg\" alt=\"\"><\/td><td class=\"has-text-align-center\" data-align=\"center\"><strong>Des chevaux de Bretagne<\/strong><br><br>Editions l&#8217;Aventure Carto 1989 ; texte bilingue fran\u00e7ais-breton de Patrick Herv\u00e9<br><br>Acheter :&nbsp;<a href=\"http:\/\/www.fotocollector.fr\/\">www.fotocollector.fr<\/a><\/td><\/tr><tr><td class=\"has-text-align-center\" data-align=\"center\"><img src=\"http:\/\/www.bernardcornu.fr\/Bernard_Cornu,_site_officiel\/livres_files\/droppedImage_11.jpg\" alt=\"\"><\/td><td class=\"has-text-align-center\" data-align=\"center\"><strong>B\u00e2lya<\/strong><br><br>Editions l&#8217;Aventure Carto 1993; Po\u00e8mes d&#8217;H\u00e9l\u00e8ne de Miras<br><br>Acheter :&nbsp;<a href=\"http:\/\/www.fotocollector.fr\/\">www.fotocollector.fr<\/a><\/td><td class=\"has-text-align-center\" data-align=\"center\"><\/td><td class=\"has-text-align-center\" data-align=\"center\"><\/td><\/tr><\/tbody><\/table><\/figure>\n\n\n\n<h2>Livres collectifs<\/h2>\n\n\n\n<p><\/p>\n\n\n\n<figure class=\"wp-block-table is-style-stripes\"><table class=\"has-fixed-layout\"><tbody><tr><td class=\"has-text-align-center\" data-align=\"center\"><img loading=\"lazy\" width=\"500\" height=\"756\" class=\"wp-image-2070\" style=\"width: 150px;\" src=\"http:\/\/bernardcornu.fr\/lsdbc\/wp-content\/uploads\/2024\/12\/desanimaux.webp\" alt=\"\"><\/td><td class=\"has-text-align-center\" data-align=\"center\"><strong>Des animaux chez les humains<\/strong><br>100 exemplaires hors commerce<br>Aventure Carto \u00c9ditions<br>2024<\/td><td class=\"has-text-align-center\" data-align=\"center\"><\/td><td class=\"has-text-align-center\" data-align=\"center\"><\/td><\/tr><tr><td class=\"has-text-align-center\" data-align=\"center\"><img src=\"http:\/\/www.bernardcornu.fr\/Bernard_Cornu,_site_officiel\/livres_files\/droppedImage_7.jpg\" alt=\"\"><\/td><td class=\"has-text-align-center\" data-align=\"center\"><strong>Races domestiques de l&#8217;Ouest<\/strong><br><br>Ecomus\u00e9e du Pays de Rennes &#8211; 2012<\/td><td class=\"has-text-align-center\" data-align=\"center\"><img loading=\"lazy\" width=\"300\" height=\"317\" class=\"wp-image-2017\" style=\"width: 200px;\" src=\"http:\/\/bernardcornu.fr\/lsdbc\/wp-content\/uploads\/2023\/09\/soif-1.jpg\" alt=\"\" srcset=\"https:\/\/bernardcornu.fr\/lsdbc\/wp-content\/uploads\/2023\/09\/soif-1.jpg 300w, https:\/\/bernardcornu.fr\/lsdbc\/wp-content\/uploads\/2023\/09\/soif-1-284x300.jpg 284w\" sizes=\"(max-width: 300px) 100vw, 300px\" \/><\/td><td class=\"has-text-align-center\" data-align=\"center\"><strong>Le plaisir de la soif<\/strong><br><br>100 exemplaires hors commerce<br><br>L&#8217;aventure Carton Editions <br>2023<\/td><\/tr><tr><td class=\"has-text-align-center\" data-align=\"center\"><img src=\"http:\/\/www.bernardcornu.fr\/Bernard_Cornu,_site_officiel\/livres_files\/013%20001.jpg\" alt=\"\"><\/td><td class=\"has-text-align-center\" data-align=\"center\"><strong>Photographies<\/strong><br><br>Maison des Arts et des Loisirs Laon<\/td><td class=\"has-text-align-center\" data-align=\"center\"><img src=\"http:\/\/www.bernardcornu.fr\/Bernard_Cornu,_site_officiel\/livres_files\/droppedImage_8.jpg\" alt=\"\"><\/td><td class=\"has-text-align-center\" data-align=\"center\"><strong>Voyage autour de la Maltraitance<\/strong><br><br>Les cahiers de l&#8217;AFIREM &#8211; D\u00e9cembre 2005<\/td><\/tr><tr><td class=\"has-text-align-center\" data-align=\"center\"><img src=\"http:\/\/www.bernardcornu.fr\/Bernard_Cornu,_site_officiel\/livres_files\/droppedImage_13.jpg\" alt=\"\"><\/td><td class=\"has-text-align-center\" data-align=\"center\"><strong>Collection d\u2019oeuvres photographiques<\/strong><br><br>Ville de Jarny &#8211; 2017<\/td><td class=\"has-text-align-center\" data-align=\"center\"><img src=\"http:\/\/www.bernardcornu.fr\/Bernard_Cornu,_site_officiel\/livres_files\/droppedImage_9.jpg\" alt=\"\"><\/td><td class=\"has-text-align-center\" data-align=\"center\"><strong>Un texte, une image<\/strong><br><br>Edition Asphod\u00e8le Atlantique &#8211; 1991<\/td><\/tr><tr><td class=\"has-text-align-center\" data-align=\"center\"><\/td><td class=\"has-text-align-center\" data-align=\"center\"><\/td><td class=\"has-text-align-center\" data-align=\"center\"><\/td><td class=\"has-text-align-center\" data-align=\"center\"><\/td><\/tr><\/tbody><\/table><\/figure>\n\n\n\n<h2>Catalogues<\/h2>\n\n\n\n<figure class=\"wp-block-table is-style-stripes\"><table class=\"has-fixed-layout\"><tbody><tr><td class=\"has-text-align-center\" data-align=\"center\"><img src=\"http:\/\/www.bernardcornu.fr\/Bernard_Cornu,_site_officiel\/livres_files\/018%20001.jpg\" alt=\"\"><\/td><td class=\"has-text-align-center\" data-align=\"center\"><img src=\"http:\/\/www.bernardcornu.fr\/Bernard_Cornu,_site_officiel\/livres_files\/016%20001.jpg\" alt=\"\"><\/td><td><img src=\"http:\/\/www.bernardcornu.fr\/Bernard_Cornu,_site_officiel\/livres_files\/017%20001.jpg\" alt=\"\"><\/td><\/tr><tr><td class=\"has-text-align-center\" data-align=\"center\"><img src=\"http:\/\/www.bernardcornu.fr\/Bernard_Cornu,_site_officiel\/livres_files\/019%20001.jpg\" alt=\"\"><\/td><td class=\"has-text-align-center\" data-align=\"center\"><img src=\"http:\/\/www.bernardcornu.fr\/Bernard_Cornu,_site_officiel\/livres_files\/020%20001.jpg\" alt=\"\"><\/td><td><img src=\"http:\/\/www.bernardcornu.fr\/Bernard_Cornu,_site_officiel\/livres_files\/021%20001.jpg\" alt=\"\"><\/td><\/tr><tr><td class=\"has-text-align-center\" data-align=\"center\"><img src=\"http:\/\/www.bernardcornu.fr\/Bernard_Cornu,_site_officiel\/livres_files\/022%20001.jpg\" alt=\"\"><\/td><td class=\"has-text-align-center\" data-align=\"center\"><\/td><td><img src=\"http:\/\/www.bernardcornu.fr\/Bernard_Cornu,_site_officiel\/livres_files\/023%20001.jpg\" alt=\"\"><\/td><\/tr><tr><td class=\"has-text-align-center\" data-align=\"center\"><\/td><td class=\"has-text-align-center\" data-align=\"center\"><\/td><td><\/td><\/tr><\/tbody><\/table><\/figure>\n","protected":false},"excerpt":{"rendered":"<p>Bretagne, des baies ouvertes sur le monde \u00c9ditions Un Autre Reg&#8217;art, 2022 Acheter : Librairies,Espaces Culturels Leclerc R\u00e9,une \u00eele bien plus loin que le vent \u00c9ditions Sud Ouest, 2022 Acheter : Librairies,Espaces Culturels Leclerc Lisbonne, l\u2019appel du large Editions Un Autre Reg&#8217;art,<\/p>\n<p class=\"link-more\"><a class=\"myButt three\" href=\"https:\/\/bernardcornu.fr\/lsdbc\/index.php\/livres\/\">Read More<\/a><\/p>\n","protected":false},"author":1,"featured_media":0,"parent":0,"menu_order":0,"comment_status":"closed","ping_status":"closed","template":"","meta":{"ngg_post_thumbnail":0},"_links":{"self":[{"href":"https:\/\/bernardcornu.fr\/lsdbc\/index.php\/wp-json\/wp\/v2\/pages\/179"}],"collection":[{"href":"https:\/\/bernardcornu.fr\/lsdbc\/index.php\/wp-json\/wp\/v2\/pages"}],"about":[{"href":"https:\/\/bernardcornu.fr\/lsdbc\/index.php\/wp-json\/wp\/v2\/types\/page"}],"author":[{"embeddable":true,"href":"https:\/\/bernardcornu.fr\/lsdbc\/index.php\/wp-json\/wp\/v2\/users\/1"}],"replies":[{"embeddable":true,"href":"https:\/\/bernardcornu.fr\/lsdbc\/index.php\/wp-json\/wp\/v2\/comments?post=179"}],"version-history":[{"count":29,"href":"https:\/\/bernardcornu.fr\/lsdbc\/index.php\/wp-json\/wp\/v2\/pages\/179\/revisions"}],"predecessor-version":[{"id":2077,"href":"https:\/\/bernardcornu.fr\/lsdbc\/index.php\/wp-json\/wp\/v2\/pages\/179\/revisions\/2077"}],"wp:attachment":[{"href":"https:\/\/bernardcornu.fr\/lsdbc\/index.php\/wp-json\/wp\/v2\/media?parent=179"}],"curies":[{"name":"wp","href":"https:\/\/api.w.org\/{rel}","templated":true}]}}