{"id":118,"date":"2020-12-27T21:21:15","date_gmt":"2020-12-27T20:21:15","guid":{"rendered":"http:\/\/bernardcornu.fr\/lsdbc\/?page_id=118"},"modified":"2020-12-31T17:53:54","modified_gmt":"2020-12-31T16:53:54","slug":"achat-location","status":"publish","type":"page","link":"https:\/\/bernardcornu.fr\/lsdbc\/index.php\/achat-location\/","title":{"rendered":"Achat, location"},"content":{"rendered":"\n<div class=\"wp-block-columns\">\n<div class=\"wp-block-column\">\n<p class=\"has-text-align-center has-medium-font-size\"><strong>Achats de tirages originaux<\/strong><\/p>\n<\/div>\n\n\n\n<div class=\"wp-block-column\">\n<p class=\"has-text-align-center has-medium-font-size\"><strong>Location d&#8217;expositions<\/strong><\/p>\n<\/div>\n<\/div>\n\n\n\n<div class=\"wp-block-columns\">\n<div class=\"wp-block-column\">\n<p class=\"has-medium-font-size\">Le plus grand nombre de mes tirages photographiques noir et blanc sont r\u00e9alis\u00e9s en argentique par mes soins dans les r\u00e8gles de l&#8217;art sur un papier photographique baryt\u00e9 Ilford Warmtone \u00e0 contraste variable, qui conf\u00e8re aux tirages la qualit\u00e9 et la long\u00e9vit\u00e9 exig\u00e9s par les Mus\u00e9es et les Galeries.<\/p>\n\n\n\n<p class=\"has-medium-font-size\">Pour les tr\u00e8s grands formats je fais num\u00e9riser mes n\u00e9gatifs et je travaille avec deux labos de Rennes (Store-Photo et Ag\u00e9lia). Ces grands formats sont r\u00e9alis\u00e9s sur papier Hahnem\u00fchle (Ray Bright White) pur cotton 310gr sur un traceur \u00e0 jet d&#8217;encre pigmentaire.<\/p>\n\n\n\n<p class=\"has-medium-font-size\">Chaque tirage est limit\u00e9 de 1 \u00e0 30, dat\u00e9, sign\u00e9 au dos et r\u00e9f\u00e9renc\u00e9 par rapport au n\u00e9gatif original.<\/p>\n<\/div>\n\n\n\n<div class=\"wp-block-column\">\n<p class=\"has-medium-font-size\">Pour tout projet d&#8217;exposition, veillez contacter : Bernard Cornu<\/p>\n\n\n\n<p class=\"has-medium-font-size\">Les expositions doivent \u00eatre garanties par un contrat de location entre l&#8217;organisme et le photographe. Ces contrats doivent d\u00e9finir :<\/p>\n\n\n\n<p class=\"has-medium-font-size\">> La dur\u00e9e d&#8217;exposition, la nature et la prise en charge du transport des \u0153uvres, la s\u00e9curit\u00e9, une assurance pour perte ou d\u00e9t\u00e9rioration d&#8217;images.<\/p>\n\n\n\n<p class=\"has-medium-font-size\">> Le co\u00fbt de la location<\/p>\n\n\n\n<p class=\"has-medium-font-size\">> La prise en charge du d\u00e9placement du photographe pour le vernissage<\/p>\n\n\n\n<p class=\"has-medium-font-size\">N.B : Mes photographies peuvent \u00eatre lou\u00e9es encadr\u00e9es et sous passe-partout ou simplement sans encadrement ; \u00e0 charge pour l&#8217;organisme d&#8217;encadrer les \u0153uvres.<\/p>\n<\/div>\n<\/div>\n","protected":false},"excerpt":{"rendered":"<p>Achats de tirages originaux Location d&#8217;expositions Le plus grand nombre de mes tirages photographiques noir et blanc sont r\u00e9alis\u00e9s en argentique par mes soins dans les r\u00e8gles de l&#8217;art sur un papier photographique baryt\u00e9 Ilford Warmtone \u00e0 contraste variable, qui conf\u00e8re aux<\/p>\n<p class=\"link-more\"><a class=\"myButt three\" href=\"https:\/\/bernardcornu.fr\/lsdbc\/index.php\/achat-location\/\">Read More<\/a><\/p>\n","protected":false},"author":1,"featured_media":0,"parent":0,"menu_order":0,"comment_status":"closed","ping_status":"closed","template":"","meta":{"ngg_post_thumbnail":0},"_links":{"self":[{"href":"https:\/\/bernardcornu.fr\/lsdbc\/index.php\/wp-json\/wp\/v2\/pages\/118"}],"collection":[{"href":"https:\/\/bernardcornu.fr\/lsdbc\/index.php\/wp-json\/wp\/v2\/pages"}],"about":[{"href":"https:\/\/bernardcornu.fr\/lsdbc\/index.php\/wp-json\/wp\/v2\/types\/page"}],"author":[{"embeddable":true,"href":"https:\/\/bernardcornu.fr\/lsdbc\/index.php\/wp-json\/wp\/v2\/users\/1"}],"replies":[{"embeddable":true,"href":"https:\/\/bernardcornu.fr\/lsdbc\/index.php\/wp-json\/wp\/v2\/comments?post=118"}],"version-history":[{"count":7,"href":"https:\/\/bernardcornu.fr\/lsdbc\/index.php\/wp-json\/wp\/v2\/pages\/118\/revisions"}],"predecessor-version":[{"id":265,"href":"https:\/\/bernardcornu.fr\/lsdbc\/index.php\/wp-json\/wp\/v2\/pages\/118\/revisions\/265"}],"wp:attachment":[{"href":"https:\/\/bernardcornu.fr\/lsdbc\/index.php\/wp-json\/wp\/v2\/media?parent=118"}],"curies":[{"name":"wp","href":"https:\/\/api.w.org\/{rel}","templated":true}]}}